{"id":2273,"date":"2023-04-21T09:24:25","date_gmt":"2023-04-21T07:24:25","guid":{"rendered":"https:\/\/www.riadalgora.com\/servicios\/"},"modified":"2024-09-21T18:21:35","modified_gmt":"2024-09-21T16:21:35","slug":"servicios","status":"publish","type":"page","link":"https:\/\/www.riadalgora.com\/es\/servicios\/","title":{"rendered":"Servicios"},"content":{"rendered":"\t\t<div data-elementor-type=\"wp-page\" data-elementor-id=\"2273\" class=\"elementor elementor-2273 elementor-27\">\n\t\t\t\t\t\t<section class=\"elementor-section elementor-top-section elementor-element elementor-element-9e7f664 elementor-section-full_width elementor-section-height-min-height elementor-section-stretched elementor-section-height-default elementor-section-items-middle\" data-id=\"9e7f664\" data-element_type=\"section\" data-e-type=\"section\" data-settings=\"{&quot;stretch_section&quot;:&quot;section-stretched&quot;,&quot;background_background&quot;:&quot;classic&quot;,&quot;jet_parallax_layout_list&quot;:[]}\">\n\t\t\t\t\t\t<div class=\"elementor-container elementor-column-gap-default\">\n\t\t\t\t\t<div class=\"elementor-column elementor-col-100 elementor-top-column elementor-element elementor-element-5c80f13\" data-id=\"5c80f13\" data-element_type=\"column\" data-e-type=\"column\">\n\t\t\t<div class=\"elementor-widget-wrap\">\n\t\t\t\t\t\t\t<\/div>\n\t\t<\/div>\n\t\t\t\t\t<\/div>\n\t\t<\/section>\n\t\t\t\t<section class=\"elementor-section elementor-top-section elementor-element elementor-element-f4324ea elementor-section-boxed elementor-section-height-default elementor-section-height-default\" data-id=\"f4324ea\" data-element_type=\"section\" data-e-type=\"section\" data-settings=\"{&quot;jet_parallax_layout_list&quot;:[]}\">\n\t\t\t\t\t\t<div class=\"elementor-container elementor-column-gap-default\">\n\t\t\t\t\t<div class=\"elementor-column elementor-col-100 elementor-top-column elementor-element elementor-element-3d4bb46\" data-id=\"3d4bb46\" data-element_type=\"column\" data-e-type=\"column\">\n\t\t\t<div class=\"elementor-widget-wrap elementor-element-populated\">\n\t\t\t\t\t\t<div class=\"elementor-element elementor-element-3667e5f elementor-widget__width-initial elementor-widget elementor-widget-heading\" data-id=\"3667e5f\" data-element_type=\"widget\" data-e-type=\"widget\" data-widget_type=\"heading.default\">\n\t\t\t\t<div class=\"elementor-widget-container\">\n\t\t\t\t\t<h1 class=\"elementor-heading-title elementor-size-default\">Servicios<\/h1>\t\t\t\t<\/div>\n\t\t\t\t<\/div>\n\t\t\t\t\t<\/div>\n\t\t<\/div>\n\t\t\t\t\t<\/div>\n\t\t<\/section>\n\t\t\t\t<section class=\"elementor-section elementor-top-section elementor-element elementor-element-a839cce elementor-section-boxed elementor-section-height-default elementor-section-height-default\" data-id=\"a839cce\" data-element_type=\"section\" data-e-type=\"section\" data-settings=\"{&quot;jet_parallax_layout_list&quot;:[]}\">\n\t\t\t\t\t\t<div class=\"elementor-container elementor-column-gap-default\">\n\t\t\t\t\t<div class=\"elementor-column elementor-col-50 elementor-top-column elementor-element elementor-element-42fb900\" data-id=\"42fb900\" data-element_type=\"column\" data-e-type=\"column\">\n\t\t\t<div class=\"elementor-widget-wrap elementor-element-populated\">\n\t\t\t\t\t\t<div class=\"elementor-element elementor-element-93af3ef elementor-widget__width-initial elementor-widget elementor-widget-image\" data-id=\"93af3ef\" data-element_type=\"widget\" data-e-type=\"widget\" data-widget_type=\"image.default\">\n\t\t\t\t<div class=\"elementor-widget-container\">\n\t\t\t\t\t\t\t\t\t\t\t\t\t\t\t<img decoding=\"async\" src=\"https:\/\/www.riadalgora.com\/wp-content\/uploads\/elementor\/thumbs\/Riad-AlGORA-terrasse-repas-qgdgtdbq1pjvppmfojm25zowcri1jg3njxo3othncg.jpg\" title=\"Riad AlGORA terrasse repas\" alt=\"Riad AlGORA terrasse repas\" loading=\"lazy\" \/>\t\t\t\t\t\t\t\t\t\t\t\t\t\t\t<\/div>\n\t\t\t\t<\/div>\n\t\t\t\t\t<\/div>\n\t\t<\/div>\n\t\t\t\t<div class=\"elementor-column elementor-col-50 elementor-top-column elementor-element elementor-element-0a2131b\" data-id=\"0a2131b\" data-element_type=\"column\" data-e-type=\"column\">\n\t\t\t<div class=\"elementor-widget-wrap elementor-element-populated\">\n\t\t\t\t\t\t<div class=\"elementor-element elementor-element-240c257 elementor-widget__width-initial elementor-widget-tablet__width-inherit elementor-widget elementor-widget-heading\" data-id=\"240c257\" data-element_type=\"widget\" data-e-type=\"widget\" data-widget_type=\"heading.default\">\n\t\t\t\t<div class=\"elementor-widget-container\">\n\t\t\t\t\t<h2 class=\"elementor-heading-title elementor-size-default\">Catering<\/h2>\t\t\t\t<\/div>\n\t\t\t\t<\/div>\n\t\t\t\t<div class=\"elementor-element elementor-element-40e3e2d elementor-widget elementor-widget-text-editor\" data-id=\"40e3e2d\" data-element_type=\"widget\" data-e-type=\"widget\" data-widget_type=\"text-editor.default\">\n\t\t\t\t<div class=\"elementor-widget-container\">\n\t\t\t\t\t\t\t\t\t<p><b><strong>Nuestros desayunos<\/strong><\/b><br \/>\nEst\u00e1n incluidos en el precio de la habitaci\u00f3n.<br \/>\nAproveche el momento desayuno. Caf\u00e9, t\u00e9, zumos caseros de fruta fresca y fruta de temporada, msemmens, tortitas, pan fresco, mermelada, productos l\u00e1cteos, huevos, etc&#8230;. El men\u00fa cambia a diario.<\/p>\n<p><b><strong>Nuestras cenas<\/strong><\/b><\/p>\n<p>Cocina tradicional elaborada con los mejores productos frescos del mercado.<br \/>\nVarios men\u00fas disponibles previa reserva. Saboree deliciosos platos marroqu\u00edes y deguste los sabores de Oriente, desde los numerosos tajines (pollo a la naranja o al lim\u00f3n, vegetariano&#8230;), cada uno tan exquisito como el otro&#8230; Sin olvidar los postres caseros, una verdadera delicia.<br \/>\nNo olvide reservar con 48 horas de antelaci\u00f3n, ya que todos nuestros platos son caseros y se elaboran con los productos del d\u00eda.<\/p>\n<p>Cena tradicional (entrante, plato principal y postre) a 17 \u20ac por persona, mitad de precio para los ni\u00f1os menores de 10 a\u00f1os.<\/p>\n\t\t\t\t\t\t\t\t<\/div>\n\t\t\t\t<\/div>\n\t\t\t\t\t<\/div>\n\t\t<\/div>\n\t\t\t\t\t<\/div>\n\t\t<\/section>\n\t\t\t\t<section class=\"elementor-section elementor-top-section elementor-element elementor-element-6363e6b elementor-section-boxed elementor-section-height-default elementor-section-height-default\" data-id=\"6363e6b\" data-element_type=\"section\" data-e-type=\"section\" data-settings=\"{&quot;jet_parallax_layout_list&quot;:[]}\">\n\t\t\t\t\t\t<div class=\"elementor-container elementor-column-gap-default\">\n\t\t\t\t\t<div class=\"elementor-column elementor-col-50 elementor-top-column elementor-element elementor-element-0c42042\" data-id=\"0c42042\" data-element_type=\"column\" data-e-type=\"column\">\n\t\t\t<div class=\"elementor-widget-wrap elementor-element-populated\">\n\t\t\t\t\t\t<div class=\"elementor-element elementor-element-656d601 elementor-widget elementor-widget-image\" data-id=\"656d601\" data-element_type=\"widget\" data-e-type=\"widget\" data-widget_type=\"image.default\">\n\t\t\t\t<div class=\"elementor-widget-container\">\n\t\t\t\t\t\t\t\t\t\t\t\t\t\t\t<img decoding=\"async\" src=\"https:\/\/www.riadalgora.com\/wp-content\/uploads\/elementor\/thumbs\/Riad-AlGORA-terrasse-dejeuner-2-qgdgtbg1o1g65b0lbdfvyshyeauwk9xtopdgocihls.jpg\" title=\"Riad AlGORA terrasse dejeuner 2\" alt=\"Riad AlGORA terrasse dejeuner 2\" loading=\"lazy\" \/>\t\t\t\t\t\t\t\t\t\t\t\t\t\t\t<\/div>\n\t\t\t\t<\/div>\n\t\t\t\t\t<\/div>\n\t\t<\/div>\n\t\t\t\t<div class=\"elementor-column elementor-col-50 elementor-top-column elementor-element elementor-element-bc8c35a\" data-id=\"bc8c35a\" data-element_type=\"column\" data-e-type=\"column\">\n\t\t\t<div class=\"elementor-widget-wrap elementor-element-populated\">\n\t\t\t\t\t\t<div class=\"elementor-element elementor-element-3f8e37c elementor-widget__width-initial elementor-widget elementor-widget-heading\" data-id=\"3f8e37c\" data-element_type=\"widget\" data-e-type=\"widget\" data-widget_type=\"heading.default\">\n\t\t\t\t<div class=\"elementor-widget-container\">\n\t\t\t\t\t<h2 class=\"elementor-heading-title elementor-size-default\">Traslados aeropuerto<\/h2>\t\t\t\t<\/div>\n\t\t\t\t<\/div>\n\t\t\t\t<div class=\"elementor-element elementor-element-f99094f elementor-widget elementor-widget-text-editor\" data-id=\"f99094f\" data-element_type=\"widget\" data-e-type=\"widget\" data-widget_type=\"text-editor.default\">\n\t\t\t\t<div class=\"elementor-widget-container\">\n\t\t\t\t\t\t\t\t\t<p>Organizaci\u00f3n de traslados aeropuerto\/Medina<br \/>\nDesde el aeropuerto de Menara, podemos reservarle un transporte privado con aire acondicionado para 1 a 13 personas. Le dejaremos en la entrada del barrio de Sidi Mimoun. All\u00ed, nuestro carrossa (porteador con carro portaequipajes) le esperar\u00e1 y le llevar\u00e1 hasta el riad.<\/p>\n<ul>\n<li>Hasta 4 personas: 15<\/li>\n<li>De 5 a 8 personas: 25<\/li>\n<li>M\u00e1s de 8 personas: 35<\/li>\n<li>Suplemento entre las 22:00 y las 8:00<\/li>\n<\/ul>\n\t\t\t\t\t\t\t\t<\/div>\n\t\t\t\t<\/div>\n\t\t\t\t\t<\/div>\n\t\t<\/div>\n\t\t\t\t\t<\/div>\n\t\t<\/section>\n\t\t\t\t<section class=\"elementor-section elementor-top-section elementor-element elementor-element-dd5cb2d elementor-section-boxed elementor-section-height-default elementor-section-height-default\" data-id=\"dd5cb2d\" data-element_type=\"section\" data-e-type=\"section\" data-settings=\"{&quot;jet_parallax_layout_list&quot;:[]}\">\n\t\t\t\t\t\t<div class=\"elementor-container elementor-column-gap-default\">\n\t\t\t\t\t<div class=\"elementor-column elementor-col-50 elementor-top-column elementor-element elementor-element-e0da9ae\" data-id=\"e0da9ae\" data-element_type=\"column\" data-e-type=\"column\">\n\t\t\t<div class=\"elementor-widget-wrap elementor-element-populated\">\n\t\t\t\t\t\t<div class=\"elementor-element elementor-element-ecc6cba elementor-widget elementor-widget-image\" data-id=\"ecc6cba\" data-element_type=\"widget\" data-e-type=\"widget\" data-widget_type=\"image.default\">\n\t\t\t\t<div class=\"elementor-widget-container\">\n\t\t\t\t\t\t\t\t\t\t\t\t\t\t\t<img decoding=\"async\" src=\"https:\/\/www.riadalgora.com\/wp-content\/uploads\/elementor\/thumbs\/terrasse-2-qudwwaog6toiyftap0mx8zbkzwcm5pnbr0lqvvmmcg.jpg\" title=\"terrasse 2\" alt=\"terrasse 2\" loading=\"lazy\" \/>\t\t\t\t\t\t\t\t\t\t\t\t\t\t\t<\/div>\n\t\t\t\t<\/div>\n\t\t\t\t\t<\/div>\n\t\t<\/div>\n\t\t\t\t<div class=\"elementor-column elementor-col-50 elementor-top-column elementor-element elementor-element-f4c487f\" data-id=\"f4c487f\" data-element_type=\"column\" data-e-type=\"column\">\n\t\t\t<div class=\"elementor-widget-wrap elementor-element-populated\">\n\t\t\t\t\t\t<div class=\"elementor-element elementor-element-450ea6b elementor-widget__width-initial elementor-widget elementor-widget-heading\" data-id=\"450ea6b\" data-element_type=\"widget\" data-e-type=\"widget\" data-widget_type=\"heading.default\">\n\t\t\t\t<div class=\"elementor-widget-container\">\n\t\t\t\t\t<h2 class=\"elementor-heading-title elementor-size-default\">Y tambi\u00e9n ...<\/h2>\t\t\t\t<\/div>\n\t\t\t\t<\/div>\n\t\t\t\t<div class=\"elementor-element elementor-element-d1cdb4c elementor-widget elementor-widget-text-editor\" data-id=\"d1cdb4c\" data-element_type=\"widget\" data-e-type=\"widget\" data-widget_type=\"text-editor.default\">\n\t\t\t\t<div class=\"elementor-widget-container\">\n\t\t\t\t\t\t\t\t\t<ul>\n<li>Selecci\u00f3n de conductores y gu\u00edas oficiales multiling\u00fces para organizar sus visitas a la ciudad.<\/li>\n<li>Asesoramiento y reservas de restaurantes, visitas culturales a la medina, zocos, lugares de inter\u00e9s cultural, etc.<\/li>\n<li>Organizaci\u00f3n de excursiones, todas seleccionadas por nosotros. Cat\u00e1logo a petici\u00f3n<\/li>\n<\/ul>\n\t\t\t\t\t\t\t\t<\/div>\n\t\t\t\t<\/div>\n\t\t\t\t\t<\/div>\n\t\t<\/div>\n\t\t\t\t\t<\/div>\n\t\t<\/section>\n\t\t\t\t<section class=\"elementor-section elementor-top-section elementor-element elementor-element-10060e0 elementor-section-full_width elementor-section-stretched elementor-section-height-default elementor-section-height-default\" data-id=\"10060e0\" data-element_type=\"section\" data-e-type=\"section\" data-settings=\"{&quot;stretch_section&quot;:&quot;section-stretched&quot;,&quot;jet_parallax_layout_list&quot;:[]}\">\n\t\t\t\t\t\t<div class=\"elementor-container elementor-column-gap-default\">\n\t\t\t\t\t<div class=\"elementor-column elementor-col-100 elementor-top-column elementor-element elementor-element-dcae32c\" data-id=\"dcae32c\" data-element_type=\"column\" data-e-type=\"column\">\n\t\t\t<div class=\"elementor-widget-wrap\">\n\t\t\t\t\t\t\t<\/div>\n\t\t<\/div>\n\t\t\t\t\t<\/div>\n\t\t<\/section>\n\t\t\t\t<\/div>\n\t\t","protected":false},"excerpt":{"rendered":"<p>Servicios Catering Nuestros desayunos Est\u00e1n incluidos en el precio de la habitaci\u00f3n. Aproveche el momento desayuno. Caf\u00e9, t\u00e9, zumos caseros de fruta fresca y fruta de temporada, msemmens, tortitas, pan fresco, mermelada, productos l\u00e1cteos, huevos, etc&#8230;. El men\u00fa cambia a diario. Nuestras cenas Cocina tradicional elaborada con los mejores productos frescos del mercado. Varios men\u00fas [&hellip;]<\/p>\n","protected":false},"author":1,"featured_media":0,"parent":0,"menu_order":0,"comment_status":"closed","ping_status":"closed","template":"","meta":{"_acf_changed":false,"footnotes":""},"class_list":["post-2273","page","type-page","status-publish","hentry"],"acf":[],"yoast_head":"<!-- This site is optimized with the Yoast SEO plugin v27.0 - https:\/\/yoast.com\/product\/yoast-seo-wordpress\/ -->\n<title>Servicios - RIAD ALGORA Marrakech<\/title>\n<meta name=\"robots\" content=\"index, follow, max-snippet:-1, max-image-preview:large, max-video-preview:-1\" \/>\n<link rel=\"canonical\" href=\"https:\/\/www.riadalgora.com\/services\/\" \/>\n<meta property=\"og:locale\" content=\"es_ES\" \/>\n<meta property=\"og:type\" content=\"article\" \/>\n<meta property=\"og:title\" content=\"Servicios - RIAD ALGORA Marrakech\" \/>\n<meta property=\"og:description\" content=\"Servicios Catering Nuestros desayunos Est\u00e1n incluidos en el precio de la habitaci\u00f3n. Aproveche el momento desayuno. Caf\u00e9, t\u00e9, zumos caseros de fruta fresca y fruta de temporada, msemmens, tortitas, pan fresco, mermelada, productos l\u00e1cteos, huevos, etc&#8230;. El men\u00fa cambia a diario. Nuestras cenas Cocina tradicional elaborada con los mejores productos frescos del mercado. Varios men\u00fas [&hellip;]\" \/>\n<meta property=\"og:url\" content=\"https:\/\/www.riadalgora.com\/services\/\" \/>\n<meta property=\"og:site_name\" content=\"RIAD ALGORA Marrakech\" \/>\n<meta property=\"article:modified_time\" content=\"2024-09-21T16:21:35+00:00\" \/>\n<meta property=\"og:image\" content=\"https:\/\/www.riadalgora.com\/wp-content\/uploads\/elementor\/thumbs\/Riad-AlGORA-terrasse-repas-qgdgtdbq1pjvppmfojm25zowcri1jg3njxo3othncg.jpg\" \/>\n<meta name=\"twitter:card\" content=\"summary_large_image\" \/>\n<meta name=\"twitter:label1\" content=\"Tiempo de lectura\" \/>\n\t<meta name=\"twitter:data1\" content=\"1 minuto\" \/>\n<script type=\"application\/ld+json\" class=\"yoast-schema-graph\">{\"@context\":\"https:\/\/schema.org\",\"@graph\":[{\"@type\":\"WebPage\",\"@id\":\"https:\/\/www.riadalgora.com\/services\/\",\"url\":\"https:\/\/www.riadalgora.com\/services\/\",\"name\":\"Servicios - RIAD ALGORA Marrakech\",\"isPartOf\":{\"@id\":\"https:\/\/www.riadalgora.com\/#website\"},\"primaryImageOfPage\":{\"@id\":\"https:\/\/www.riadalgora.com\/services\/#primaryimage\"},\"image\":{\"@id\":\"https:\/\/www.riadalgora.com\/services\/#primaryimage\"},\"thumbnailUrl\":\"https:\/\/www.riadalgora.com\/wp-content\/uploads\/elementor\/thumbs\/Riad-AlGORA-terrasse-repas-qgdgtdbq1pjvppmfojm25zowcri1jg3njxo3othncg.jpg\",\"datePublished\":\"2023-04-21T07:24:25+00:00\",\"dateModified\":\"2024-09-21T16:21:35+00:00\",\"breadcrumb\":{\"@id\":\"https:\/\/www.riadalgora.com\/services\/#breadcrumb\"},\"inLanguage\":\"es\",\"potentialAction\":[{\"@type\":\"ReadAction\",\"target\":[\"https:\/\/www.riadalgora.com\/services\/\"]}]},{\"@type\":\"ImageObject\",\"inLanguage\":\"es\",\"@id\":\"https:\/\/www.riadalgora.com\/services\/#primaryimage\",\"url\":\"https:\/\/www.riadalgora.com\/wp-content\/uploads\/elementor\/thumbs\/Riad-AlGORA-terrasse-repas-qgdgtdbq1pjvppmfojm25zowcri1jg3njxo3othncg.jpg\",\"contentUrl\":\"https:\/\/www.riadalgora.com\/wp-content\/uploads\/elementor\/thumbs\/Riad-AlGORA-terrasse-repas-qgdgtdbq1pjvppmfojm25zowcri1jg3njxo3othncg.jpg\"},{\"@type\":\"BreadcrumbList\",\"@id\":\"https:\/\/www.riadalgora.com\/services\/#breadcrumb\",\"itemListElement\":[{\"@type\":\"ListItem\",\"position\":1,\"name\":\"Accueil\",\"item\":\"https:\/\/www.riadalgora.com\/\"},{\"@type\":\"ListItem\",\"position\":2,\"name\":\"Servicios\"}]},{\"@type\":\"WebSite\",\"@id\":\"https:\/\/www.riadalgora.com\/#website\",\"url\":\"https:\/\/www.riadalgora.com\/\",\"name\":\"RIAD ALGORA Marrakech\",\"description\":\"privatis\u00e9 Marrakech\",\"publisher\":{\"@id\":\"https:\/\/www.riadalgora.com\/#organization\"},\"potentialAction\":[{\"@type\":\"SearchAction\",\"target\":{\"@type\":\"EntryPoint\",\"urlTemplate\":\"https:\/\/www.riadalgora.com\/?s={search_term_string}\"},\"query-input\":{\"@type\":\"PropertyValueSpecification\",\"valueRequired\":true,\"valueName\":\"search_term_string\"}}],\"inLanguage\":\"es\"},{\"@type\":\"Organization\",\"@id\":\"https:\/\/www.riadalgora.com\/#organization\",\"name\":\"RIAD ALGORA Marrakech\",\"url\":\"https:\/\/www.riadalgora.com\/\",\"logo\":{\"@type\":\"ImageObject\",\"inLanguage\":\"es\",\"@id\":\"https:\/\/www.riadalgora.com\/#\/schema\/logo\/image\/\",\"url\":\"https:\/\/www.riadalgora.com\/wp-content\/uploads\/2023\/05\/Riad-MILOUD-MARRAKECH-LOGO.svg\",\"contentUrl\":\"https:\/\/www.riadalgora.com\/wp-content\/uploads\/2023\/05\/Riad-MILOUD-MARRAKECH-LOGO.svg\",\"width\":234.59,\"height\":71.290000000000006,\"caption\":\"RIAD ALGORA Marrakech\"},\"image\":{\"@id\":\"https:\/\/www.riadalgora.com\/#\/schema\/logo\/image\/\"},\"sameAs\":[\"https:\/\/www.instagram.com\/riad__miloud\/\"]}]}<\/script>\n<!-- \/ Yoast SEO plugin. -->","yoast_head_json":{"title":"Servicios - RIAD ALGORA Marrakech","robots":{"index":"index","follow":"follow","max-snippet":"max-snippet:-1","max-image-preview":"max-image-preview:large","max-video-preview":"max-video-preview:-1"},"canonical":"https:\/\/www.riadalgora.com\/services\/","og_locale":"es_ES","og_type":"article","og_title":"Servicios - RIAD ALGORA Marrakech","og_description":"Servicios Catering Nuestros desayunos Est\u00e1n incluidos en el precio de la habitaci\u00f3n. Aproveche el momento desayuno. Caf\u00e9, t\u00e9, zumos caseros de fruta fresca y fruta de temporada, msemmens, tortitas, pan fresco, mermelada, productos l\u00e1cteos, huevos, etc&#8230;. El men\u00fa cambia a diario. Nuestras cenas Cocina tradicional elaborada con los mejores productos frescos del mercado. Varios men\u00fas [&hellip;]","og_url":"https:\/\/www.riadalgora.com\/services\/","og_site_name":"RIAD ALGORA Marrakech","article_modified_time":"2024-09-21T16:21:35+00:00","og_image":[{"url":"https:\/\/www.riadalgora.com\/wp-content\/uploads\/elementor\/thumbs\/Riad-AlGORA-terrasse-repas-qgdgtdbq1pjvppmfojm25zowcri1jg3njxo3othncg.jpg","type":"","width":"","height":""}],"twitter_card":"summary_large_image","twitter_misc":{"Tiempo de lectura":"1 minuto"},"schema":{"@context":"https:\/\/schema.org","@graph":[{"@type":"WebPage","@id":"https:\/\/www.riadalgora.com\/services\/","url":"https:\/\/www.riadalgora.com\/services\/","name":"Servicios - RIAD ALGORA Marrakech","isPartOf":{"@id":"https:\/\/www.riadalgora.com\/#website"},"primaryImageOfPage":{"@id":"https:\/\/www.riadalgora.com\/services\/#primaryimage"},"image":{"@id":"https:\/\/www.riadalgora.com\/services\/#primaryimage"},"thumbnailUrl":"https:\/\/www.riadalgora.com\/wp-content\/uploads\/elementor\/thumbs\/Riad-AlGORA-terrasse-repas-qgdgtdbq1pjvppmfojm25zowcri1jg3njxo3othncg.jpg","datePublished":"2023-04-21T07:24:25+00:00","dateModified":"2024-09-21T16:21:35+00:00","breadcrumb":{"@id":"https:\/\/www.riadalgora.com\/services\/#breadcrumb"},"inLanguage":"es","potentialAction":[{"@type":"ReadAction","target":["https:\/\/www.riadalgora.com\/services\/"]}]},{"@type":"ImageObject","inLanguage":"es","@id":"https:\/\/www.riadalgora.com\/services\/#primaryimage","url":"https:\/\/www.riadalgora.com\/wp-content\/uploads\/elementor\/thumbs\/Riad-AlGORA-terrasse-repas-qgdgtdbq1pjvppmfojm25zowcri1jg3njxo3othncg.jpg","contentUrl":"https:\/\/www.riadalgora.com\/wp-content\/uploads\/elementor\/thumbs\/Riad-AlGORA-terrasse-repas-qgdgtdbq1pjvppmfojm25zowcri1jg3njxo3othncg.jpg"},{"@type":"BreadcrumbList","@id":"https:\/\/www.riadalgora.com\/services\/#breadcrumb","itemListElement":[{"@type":"ListItem","position":1,"name":"Accueil","item":"https:\/\/www.riadalgora.com\/"},{"@type":"ListItem","position":2,"name":"Servicios"}]},{"@type":"WebSite","@id":"https:\/\/www.riadalgora.com\/#website","url":"https:\/\/www.riadalgora.com\/","name":"RIAD ALGORA Marrakech","description":"privatis\u00e9 Marrakech","publisher":{"@id":"https:\/\/www.riadalgora.com\/#organization"},"potentialAction":[{"@type":"SearchAction","target":{"@type":"EntryPoint","urlTemplate":"https:\/\/www.riadalgora.com\/?s={search_term_string}"},"query-input":{"@type":"PropertyValueSpecification","valueRequired":true,"valueName":"search_term_string"}}],"inLanguage":"es"},{"@type":"Organization","@id":"https:\/\/www.riadalgora.com\/#organization","name":"RIAD ALGORA Marrakech","url":"https:\/\/www.riadalgora.com\/","logo":{"@type":"ImageObject","inLanguage":"es","@id":"https:\/\/www.riadalgora.com\/#\/schema\/logo\/image\/","url":"https:\/\/www.riadalgora.com\/wp-content\/uploads\/2023\/05\/Riad-MILOUD-MARRAKECH-LOGO.svg","contentUrl":"https:\/\/www.riadalgora.com\/wp-content\/uploads\/2023\/05\/Riad-MILOUD-MARRAKECH-LOGO.svg","width":234.59,"height":71.290000000000006,"caption":"RIAD ALGORA Marrakech"},"image":{"@id":"https:\/\/www.riadalgora.com\/#\/schema\/logo\/image\/"},"sameAs":["https:\/\/www.instagram.com\/riad__miloud\/"]}]}},"_links":{"self":[{"href":"https:\/\/www.riadalgora.com\/es\/wp-json\/wp\/v2\/pages\/2273","targetHints":{"allow":["GET"]}}],"collection":[{"href":"https:\/\/www.riadalgora.com\/es\/wp-json\/wp\/v2\/pages"}],"about":[{"href":"https:\/\/www.riadalgora.com\/es\/wp-json\/wp\/v2\/types\/page"}],"author":[{"embeddable":true,"href":"https:\/\/www.riadalgora.com\/es\/wp-json\/wp\/v2\/users\/1"}],"replies":[{"embeddable":true,"href":"https:\/\/www.riadalgora.com\/es\/wp-json\/wp\/v2\/comments?post=2273"}],"version-history":[{"count":1,"href":"https:\/\/www.riadalgora.com\/es\/wp-json\/wp\/v2\/pages\/2273\/revisions"}],"predecessor-version":[{"id":2274,"href":"https:\/\/www.riadalgora.com\/es\/wp-json\/wp\/v2\/pages\/2273\/revisions\/2274"}],"wp:attachment":[{"href":"https:\/\/www.riadalgora.com\/es\/wp-json\/wp\/v2\/media?parent=2273"}],"curies":[{"name":"wp","href":"https:\/\/api.w.org\/{rel}","templated":true}]}}