{"id":1263,"date":"2023-04-21T09:25:44","date_gmt":"2023-04-21T07:25:44","guid":{"rendered":"https:\/\/www.riadalgora.com\/reservation\/"},"modified":"2025-09-27T17:18:16","modified_gmt":"2025-09-27T15:18:16","slug":"reservation","status":"publish","type":"page","link":"https:\/\/www.riadalgora.com\/en\/reservation\/","title":{"rendered":"Booking"},"content":{"rendered":"\t\t<div data-elementor-type=\"wp-page\" data-elementor-id=\"1263\" class=\"elementor elementor-1263 elementor-31\">\n\t\t\t\t\t\t<section class=\"elementor-section elementor-top-section elementor-element elementor-element-83386b9 elementor-section-full_width elementor-section-height-min-height elementor-section-stretched elementor-section-height-default elementor-section-items-middle\" data-id=\"83386b9\" data-element_type=\"section\" data-e-type=\"section\" data-settings=\"{&quot;stretch_section&quot;:&quot;section-stretched&quot;,&quot;background_background&quot;:&quot;classic&quot;,&quot;jet_parallax_layout_list&quot;:[]}\">\n\t\t\t\t\t\t<div class=\"elementor-container elementor-column-gap-default\">\n\t\t\t\t\t<div class=\"elementor-column elementor-col-100 elementor-top-column elementor-element elementor-element-c9bb2d1\" data-id=\"c9bb2d1\" data-element_type=\"column\" data-e-type=\"column\">\n\t\t\t<div class=\"elementor-widget-wrap\">\n\t\t\t\t\t\t\t<\/div>\n\t\t<\/div>\n\t\t\t\t\t<\/div>\n\t\t<\/section>\n\t\t\t\t<section class=\"elementor-section elementor-top-section elementor-element elementor-element-86b474d elementor-section-boxed elementor-section-height-default elementor-section-height-default\" data-id=\"86b474d\" data-element_type=\"section\" data-e-type=\"section\" data-settings=\"{&quot;jet_parallax_layout_list&quot;:[]}\">\n\t\t\t\t\t\t<div class=\"elementor-container elementor-column-gap-default\">\n\t\t\t\t\t<div class=\"elementor-column elementor-col-100 elementor-top-column elementor-element elementor-element-f3cb80a\" data-id=\"f3cb80a\" data-element_type=\"column\" data-e-type=\"column\">\n\t\t\t<div class=\"elementor-widget-wrap elementor-element-populated\">\n\t\t\t\t\t\t<div class=\"elementor-element elementor-element-f399890 elementor-widget__width-initial elementor-widget elementor-widget-heading\" data-id=\"f399890\" data-element_type=\"widget\" data-e-type=\"widget\" data-widget_type=\"heading.default\">\n\t\t\t\t<div class=\"elementor-widget-container\">\n\t\t\t\t\t<h1 class=\"elementor-heading-title elementor-size-default\">Booking<\/h1>\t\t\t\t<\/div>\n\t\t\t\t<\/div>\n\t\t\t\t<div class=\"elementor-element elementor-element-8d5b71c elementor-widget elementor-widget-text-editor\" data-id=\"8d5b71c\" data-element_type=\"widget\" data-e-type=\"widget\" data-widget_type=\"text-editor.default\">\n\t\t\t\t<div class=\"elementor-widget-container\">\n\t\t\t\t\t\t\t\t\t<p><strong>BOOK DIRECT TO BENEFIT FROM THE BEST RATES<\/strong><\/p>\n<p>Just a 12-minute walk from the souks and the famous Jemaa el Fna square, as well as the main golf courses, you&#8217;ll appreciate the tranquility of the accommodation.<br \/>With family or friends, the Riad will be entirely private during your stay.<br \/>For your comfort, 6 rooms with private bathroom, enjoy the terrace.<br \/>You&#8217;ll be welcomed by Mahdia, our housekeeper. (Breakfasts, daily cleaning, meals on request).<\/p>\n<p><strong>Accommodation<\/strong><\/p>\n<p>The Riad was completely renovated in 2021. It offers modern comfort in keeping with Moroccan tradition.<br \/>Accommodating up to 13 guests, the fully-equipped kitchen is at your disposal, along with a large patio where you can relax or enjoy your meals. A large, cosy lounge is at your disposal, with a large-screen TV and all the international channels. The Riad is equipped with fiber optic internet access and offers a powerful connection.<br \/>Inside the patio, you can relax with friends or family in the refreshing pool. Here, you can read, enjoy an orange juice freshly squeezed by our housekeeper Hajiba or a mint tea.<\/p>\n<p>The house has six spacious air-conditioned bedrooms. Each has its own bathroom with WC and shower. For maximum comfort, bath and bed linen and toiletries are provided. Housekeeping is included.<br \/>On the top floor, you&#8217;ll find a large terrace with a solarium. Here you can enjoy your breakfast.<\/p>\n<p>Everything is air-conditioned (or heated, depending on the season), so you can enjoy the Riad in summer and winter alike.<br \/>The entire Riad is available for private use during your stay.<br \/>Breakfast is included in the price.<\/p>\n<p><strong>Guest access<\/strong><br \/>During your stay, you will have access to the entire house and will be the only occupants of the Riad, as our travelers like to get together with their friends.<br \/>Please note that noisy parties are forbidden in order to respect the calm of the neighborhood.<br \/>You can visit the whole city on foot.<\/p>\n<p><strong>Other comments<\/strong><\/p>\n<p>We would like to draw parents&#8217; attention to the presence of a pool inside the home. This requires vigilance on their part for young children.<br \/>We fully comply with Moroccan legislation, and a marriage certificate is required for Moroccan couples at check-in.<br \/>Bachelor parties and similar celebrations are not suitable for the Riads.<br \/>We can be contacted at any time to ensure that your stay is a success.<br \/>On request, we can offer you a selection of excursions, treatments, restaurants and other good addresses&#8230;<br \/>We&#8217;ll do our utmost to help you make the most of your stay with us.<\/p>\n<p>Our passion for Marrakech began in 1996. It was during this first trip that we decided to launch this project, thinking one day maybe&#8230;. Since then, over the years, numerous trips back and forth between France and Morocco have strengthened our commitment to this project, and our patience has finally been rewarded in 2019. Renovation, decoration, everything was found, made and bought locally.<br \/>Today, we share our life between Marrakech and the west of France. Welcoming travelers from all over the world, exchanging and sharing. More than just a trip, we&#8217;ll do our utmost to ensure that each stay is unique and that the magic of the place works its magic. Personalized welcome and management of guests, accompaniment in their steps and activities.<\/p>\n\t\t\t\t\t\t\t\t<\/div>\n\t\t\t\t<\/div>\n\t\t\t\t<div class=\"elementor-element elementor-element-7f9d4d9 elementor-widget__width-initial elementor-widget elementor-widget-heading\" data-id=\"7f9d4d9\" data-element_type=\"widget\" data-e-type=\"widget\" data-widget_type=\"heading.default\">\n\t\t\t\t<div class=\"elementor-widget-container\">\n\t\t\t\t\t<h1 class=\"elementor-heading-title elementor-size-default\">Conditions of sale<\/h1>\t\t\t\t<\/div>\n\t\t\t\t<\/div>\n\t\t\t\t\t<\/div>\n\t\t<\/div>\n\t\t\t\t\t<\/div>\n\t\t<\/section>\n\t\t\t\t<section class=\"elementor-section elementor-top-section elementor-element elementor-element-b5d327c elementor-section-boxed elementor-section-height-default elementor-section-height-default\" data-id=\"b5d327c\" data-element_type=\"section\" data-e-type=\"section\" data-settings=\"{&quot;jet_parallax_layout_list&quot;:[]}\">\n\t\t\t\t\t\t<div class=\"elementor-container elementor-column-gap-default\">\n\t\t\t\t\t<div class=\"elementor-column elementor-col-20 elementor-top-column elementor-element elementor-element-d702599\" data-id=\"d702599\" data-element_type=\"column\" data-e-type=\"column\">\n\t\t\t<div class=\"elementor-widget-wrap elementor-element-populated\">\n\t\t\t\t\t\t<div class=\"elementor-element elementor-element-33cb922 elementor-widget elementor-widget-icon-box\" data-id=\"33cb922\" data-element_type=\"widget\" data-e-type=\"widget\" data-widget_type=\"icon-box.default\">\n\t\t\t\t<div class=\"elementor-widget-container\">\n\t\t\t\t\t\t\t<div class=\"elementor-icon-box-wrapper\">\n\n\t\t\t\n\t\t\t\t\t\t<div class=\"elementor-icon-box-content\">\n\n\t\t\t\t\t\t\t\t\t<h3 class=\"elementor-icon-box-title\">\n\t\t\t\t\t\t<span  >\n\t\t\t\t\t\t\tArrival\t\t\t\t\t\t<\/span>\n\t\t\t\t\t<\/h3>\n\t\t\t\t\n\t\t\t\t\t\t\t\t\t<p class=\"elementor-icon-box-description\">\n\t\t\t\t\t\t15:00<br>\t\t\t\t\t<\/p>\n\t\t\t\t\n\t\t\t<\/div>\n\t\t\t\n\t\t<\/div>\n\t\t\t\t\t\t<\/div>\n\t\t\t\t<\/div>\n\t\t\t\t\t<\/div>\n\t\t<\/div>\n\t\t\t\t<div class=\"elementor-column elementor-col-20 elementor-top-column elementor-element elementor-element-2b8b5cb\" data-id=\"2b8b5cb\" data-element_type=\"column\" data-e-type=\"column\">\n\t\t\t<div class=\"elementor-widget-wrap elementor-element-populated\">\n\t\t\t\t\t\t<div class=\"elementor-element elementor-element-7487ec6 elementor-widget elementor-widget-icon-box\" data-id=\"7487ec6\" data-element_type=\"widget\" data-e-type=\"widget\" data-widget_type=\"icon-box.default\">\n\t\t\t\t<div class=\"elementor-widget-container\">\n\t\t\t\t\t\t\t<div class=\"elementor-icon-box-wrapper\">\n\n\t\t\t\n\t\t\t\t\t\t<div class=\"elementor-icon-box-content\">\n\n\t\t\t\t\t\t\t\t\t<h3 class=\"elementor-icon-box-title\">\n\t\t\t\t\t\t<span  >\n\t\t\t\t\t\t\tDeparture\t\t\t\t\t\t<\/span>\n\t\t\t\t\t<\/h3>\n\t\t\t\t\n\t\t\t\t\t\t\t\t\t<p class=\"elementor-icon-box-description\">\n\t\t\t\t\t\t11:00\t\t\t\t\t<\/p>\n\t\t\t\t\n\t\t\t<\/div>\n\t\t\t\n\t\t<\/div>\n\t\t\t\t\t\t<\/div>\n\t\t\t\t<\/div>\n\t\t\t\t\t<\/div>\n\t\t<\/div>\n\t\t\t\t<div class=\"elementor-column elementor-col-20 elementor-top-column elementor-element elementor-element-3f32990\" data-id=\"3f32990\" data-element_type=\"column\" data-e-type=\"column\">\n\t\t\t<div class=\"elementor-widget-wrap elementor-element-populated\">\n\t\t\t\t\t\t<div class=\"elementor-element elementor-element-0c78031 elementor-widget elementor-widget-icon-box\" data-id=\"0c78031\" data-element_type=\"widget\" data-e-type=\"widget\" data-widget_type=\"icon-box.default\">\n\t\t\t\t<div class=\"elementor-widget-container\">\n\t\t\t\t\t\t\t<div class=\"elementor-icon-box-wrapper\">\n\n\t\t\t\n\t\t\t\t\t\t<div class=\"elementor-icon-box-content\">\n\n\t\t\t\t\t\t\t\t\t<h3 class=\"elementor-icon-box-title\">\n\t\t\t\t\t\t<span  >\n\t\t\t\t\t\t\tRules for smokers\t\t\t\t\t\t<\/span>\n\t\t\t\t\t<\/h3>\n\t\t\t\t\n\t\t\t\t\t\t\t\t\t<p class=\"elementor-icon-box-description\">\n\t\t\t\t\t\tNon-smoking inside\t\t\t\t\t<\/p>\n\t\t\t\t\n\t\t\t<\/div>\n\t\t\t\n\t\t<\/div>\n\t\t\t\t\t\t<\/div>\n\t\t\t\t<\/div>\n\t\t\t\t\t<\/div>\n\t\t<\/div>\n\t\t\t\t<div class=\"elementor-column elementor-col-20 elementor-top-column elementor-element elementor-element-171ccef\" data-id=\"171ccef\" data-element_type=\"column\" data-e-type=\"column\">\n\t\t\t<div class=\"elementor-widget-wrap elementor-element-populated\">\n\t\t\t\t\t\t<div class=\"elementor-element elementor-element-5728589 elementor-widget elementor-widget-icon-box\" data-id=\"5728589\" data-element_type=\"widget\" data-e-type=\"widget\" data-widget_type=\"icon-box.default\">\n\t\t\t\t<div class=\"elementor-widget-container\">\n\t\t\t\t\t\t\t<div class=\"elementor-icon-box-wrapper\">\n\n\t\t\t\n\t\t\t\t\t\t<div class=\"elementor-icon-box-content\">\n\n\t\t\t\t\t\t\t\t\t<h3 class=\"elementor-icon-box-title\">\n\t\t\t\t\t\t<span  >\n\t\t\t\t\t\t\tPets\t\t\t\t\t\t<\/span>\n\t\t\t\t\t<\/h3>\n\t\t\t\t\n\t\t\t\t\t\t\t\t\t<p class=\"elementor-icon-box-description\">\n\t\t\t\t\t\tNo animals please\t\t\t\t\t<\/p>\n\t\t\t\t\n\t\t\t<\/div>\n\t\t\t\n\t\t<\/div>\n\t\t\t\t\t\t<\/div>\n\t\t\t\t<\/div>\n\t\t\t\t\t<\/div>\n\t\t<\/div>\n\t\t\t\t<div class=\"elementor-column elementor-col-20 elementor-top-column elementor-element elementor-element-528a9d3\" data-id=\"528a9d3\" data-element_type=\"column\" data-e-type=\"column\">\n\t\t\t<div class=\"elementor-widget-wrap elementor-element-populated\">\n\t\t\t\t\t\t<div class=\"elementor-element elementor-element-b97c62d elementor-widget elementor-widget-icon-box\" data-id=\"b97c62d\" data-element_type=\"widget\" data-e-type=\"widget\" data-widget_type=\"icon-box.default\">\n\t\t\t\t<div class=\"elementor-widget-container\">\n\t\t\t\t\t\t\t<div class=\"elementor-icon-box-wrapper\">\n\n\t\t\t\n\t\t\t\t\t\t<div class=\"elementor-icon-box-content\">\n\n\t\t\t\t\t\t\t\t\t<h3 class=\"elementor-icon-box-title\">\n\t\t\t\t\t\t<span  >\n\t\t\t\t\t\t\tParties allowed\t\t\t\t\t\t<\/span>\n\t\t\t\t\t<\/h3>\n\t\t\t\t\n\t\t\t\t\t\t\t\t\t<p class=\"elementor-icon-box-description\">\n\t\t\t\t\t\tParties not allowed\t\t\t\t\t<\/p>\n\t\t\t\t\n\t\t\t<\/div>\n\t\t\t\n\t\t<\/div>\n\t\t\t\t\t\t<\/div>\n\t\t\t\t<\/div>\n\t\t\t\t\t<\/div>\n\t\t<\/div>\n\t\t\t\t\t<\/div>\n\t\t<\/section>\n\t\t\t\t<section class=\"elementor-section elementor-top-section elementor-element elementor-element-2e0ba73 elementor-section-boxed elementor-section-height-default elementor-section-height-default\" data-id=\"2e0ba73\" data-element_type=\"section\" data-e-type=\"section\" data-settings=\"{&quot;jet_parallax_layout_list&quot;:[]}\">\n\t\t\t\t\t\t<div class=\"elementor-container elementor-column-gap-default\">\n\t\t\t\t\t<div class=\"elementor-column elementor-col-50 elementor-top-column elementor-element elementor-element-8bc4fff\" data-id=\"8bc4fff\" data-element_type=\"column\" data-e-type=\"column\">\n\t\t\t<div class=\"elementor-widget-wrap elementor-element-populated\">\n\t\t\t\t\t\t<div class=\"elementor-element elementor-element-3a59ef3 elementor-widget__width-initial elementor-widget-tablet__width-inherit elementor-widget elementor-widget-heading\" data-id=\"3a59ef3\" data-element_type=\"widget\" data-e-type=\"widget\" data-widget_type=\"heading.default\">\n\t\t\t\t<div class=\"elementor-widget-container\">\n\t\t\t\t\t<h2 class=\"elementor-heading-title elementor-size-default\"><a href=\"https:\/\/www.google.com\/maps\/place\/Riad+Algora+privatis%C3%A9\/@31.6184287,-7.994215,15z\/data=!4m2!3m1!1s0x0:0x7dc1920883c3e894?sa=X&#038;ved=2ahUKEwivs6KasIeDAxU2UaQEHZotAhwQ_BJ6BAgNEAA%22\" target=\"_blank\">RIAD ALGORA<br>48 Derb Old Ben Sbaa<br> Sidi Mimoun<br> Medina, Marrakech<\/a><\/h2>\t\t\t\t<\/div>\n\t\t\t\t<\/div>\n\t\t\t\t<div class=\"elementor-element elementor-element-a00d202 elementor-align-start elementor-widget__width-initial elementor-mobile-align-center elementor-widget-tablet__width-inherit elementor-icon-list--layout-traditional elementor-list-item-link-full_width elementor-widget elementor-widget-icon-list\" data-id=\"a00d202\" data-element_type=\"widget\" data-e-type=\"widget\" data-widget_type=\"icon-list.default\">\n\t\t\t\t<div class=\"elementor-widget-container\">\n\t\t\t\t\t\t\t<ul class=\"elementor-icon-list-items\">\n\t\t\t\t\t\t\t<li class=\"elementor-icon-list-item\">\n\t\t\t\t\t\t\t\t\t\t\t<a href=\"mailto:contact.riadalgora@gmail.com\" target=\"_blank\">\n\n\t\t\t\t\t\t\t\t\t\t\t\t<span class=\"elementor-icon-list-icon\">\n\t\t\t\t\t\t\t<i aria-hidden=\"true\" class=\"fas fa-envelope\"><\/i>\t\t\t\t\t\t<\/span>\n\t\t\t\t\t\t\t\t\t\t<span class=\"elementor-icon-list-text\">contact.riadalgora@gmail.com<\/span>\n\t\t\t\t\t\t\t\t\t\t\t<\/a>\n\t\t\t\t\t\t\t\t\t<\/li>\n\t\t\t\t\t\t<\/ul>\n\t\t\t\t\t\t<\/div>\n\t\t\t\t<\/div>\n\t\t\t\t<div class=\"elementor-element elementor-element-d415ac9 elementor-icon-list--layout-inline elementor-align-start elementor-mobile-align-center elementor-list-item-link-full_width elementor-widget elementor-widget-icon-list\" data-id=\"d415ac9\" data-element_type=\"widget\" data-e-type=\"widget\" data-widget_type=\"icon-list.default\">\n\t\t\t\t<div class=\"elementor-widget-container\">\n\t\t\t\t\t\t\t<ul class=\"elementor-icon-list-items elementor-inline-items\">\n\t\t\t\t\t\t\t<li class=\"elementor-icon-list-item elementor-inline-item\">\n\t\t\t\t\t\t\t\t\t\t\t<a href=\"tel:+33621198001\">\n\n\t\t\t\t\t\t\t\t\t\t\t\t<span class=\"elementor-icon-list-icon\">\n\t\t\t\t\t\t\t<i aria-hidden=\"true\" class=\"fas fa-phone-alt\"><\/i>\t\t\t\t\t\t<\/span>\n\t\t\t\t\t\t\t\t\t\t<span class=\"elementor-icon-list-text\">+33 621 19 80 01<\/span>\n\t\t\t\t\t\t\t\t\t\t\t<\/a>\n\t\t\t\t\t\t\t\t\t<\/li>\n\t\t\t\t\t\t<\/ul>\n\t\t\t\t\t\t<\/div>\n\t\t\t\t<\/div>\n\t\t\t\t<div class=\"elementor-element elementor-element-7644e40 elementor-widget elementor-widget-text-editor\" data-id=\"7644e40\" data-element_type=\"widget\" data-e-type=\"widget\" data-widget_type=\"text-editor.default\">\n\t\t\t\t<div class=\"elementor-widget-container\">\n\t\t\t\t\t\t\t\t\t<p>Au coeur de la m\u00e9dina, Le Riad Algora est id\u00e9alement situ\u00e9 \u00e0 12 min \u00e0 pied de la place Jemaa El Fna. Proximit\u00e9 imm\u00e9diate avec les multiples lieux d\u2019int\u00e9r\u00eat culturel tels que :<\/p>\n<ul>\n<li>Souks (12 min) and hammams<\/li>\n<li>Jemaa el Fna square and the Koutoubia (12 min)<\/li>\n<li>Medersa Ben Youssef and the Marrakech Museum (20 min)<\/li>\n<li>Bahia Palace (20 min)<\/li>\n<li>El Baadi Palace and the Saadian Tombs (10 min)<\/li>\n<li>Jardin Majorelle and Yves St Laurent Museum (25 min)<\/li>\n<li>Saadian Tombs (10 min)<\/li>\n<li>The Koutoubia (8 min)<\/li>\n<\/ul>\n\t\t\t\t\t\t\t\t<\/div>\n\t\t\t\t<\/div>\n\t\t\t\t\t<\/div>\n\t\t<\/div>\n\t\t\t\t<div class=\"elementor-column elementor-col-50 elementor-top-column elementor-element elementor-element-902f526\" data-id=\"902f526\" data-element_type=\"column\" data-e-type=\"column\" data-settings=\"{&quot;background_background&quot;:&quot;classic&quot;}\">\n\t\t\t<div class=\"elementor-widget-wrap elementor-element-populated\">\n\t\t\t\t\t\t<div data-color=\"#C3B361,#000000,#C3B361,#C3B361,#000000\" class=\"elementor-element elementor-element-92a7792 elementor-widget__width-auto raven-animated-gradient-yes elementor-widget elementor-widget-raven-button\" data-id=\"92a7792\" data-element_type=\"widget\" data-e-type=\"widget\" data-settings=\"{&quot;turn_to_popup_action_button&quot;:&quot;no&quot;}\" data-widget_type=\"raven-button.default\">\n\t\t\t\t<div class=\"elementor-widget-container\">\n\t\t\t\t\t\t\t<div class=\"raven-widget-wrapper\">\n\t\t\t<a class=\"raven-button raven-button-widget-normal-effect-none  raven-button-text-align-center raven-button-link elementor-animation-none\" href=\"https:\/\/checkout.lodgify.com\/riadmiloud\/459207\/reservation?currency=EUR&#038;_gl=1*1rklkyy*_ga*MTczNjM2MTkxMi4xNjg4MjIxODQ2*_ga_GTQS7L994W*MTcwMjE5OTIxNi4yNy4xLjE3MDIxOTkyNjcuMC4wLjA.&#038;guests=1\" target=\"_blank\">\t\t\t\t<div class=\"raven-button-overlay\" data-background-size=\"400% 100%\" data-animation-name=\"AnimatedGradientBgLeft\" class=\"raven-animated-gradient\" data-angle=\"90deg\" data-speed=\"3s\" data-color=\"#C3B361,#000000,#C3B361,#C3B361,#000000\" style=\"background-image : linear-gradient( 90deg,#C3B361,#000000,#C3B361,#C3B361,#000000 );animation-duration: 3s;animation-name: AnimatedGradientBgLeft;background-size: 400% 100%;\"><\/div>\n\t\t\t\t<span class=\"raven-button-content\">\n\t\t\t\t\t\n\t\t\t\t\t<div class=\"button-text-container\">\n\t\t\t\t\t\t\t\t\t\t\t\t<div class=\"raven-button-texts-wrapper\">\n\t\t\t\t\t\t\t<div class=\"button-text\">\n\t\t\t\t\t\t\t\t<span class=\"raven-button-text\">\n\t\t\t\t\t\t\t\t\tBook now\t\t\t\t\t\t\t\t<\/span>\n\t\t\t\t\t\t\t<\/div>\n\t\t\t\t\t\t\t\t\t\t\t\t\t<\/div>\n\t\t\t\t\t\t\t\t\t\t\t<\/div>\n\t\t\t\t\t\n\t\t\t\t\t\t\t\t\t<\/span>\n\t\t\t<\/a>\t\t<\/div>\n\t\t\t\t\t\t<\/div>\n\t\t\t\t<\/div>\n\t\t\t\t\t<\/div>\n\t\t<\/div>\n\t\t\t\t\t<\/div>\n\t\t<\/section>\n\t\t\t\t<\/div>\n\t\t","protected":false},"excerpt":{"rendered":"<p>Booking BOOK DIRECT TO BENEFIT FROM THE BEST RATES Just a 12-minute walk from the souks and the famous Jemaa el Fna square, as well as the main golf courses, you&#8217;ll appreciate the tranquility of the accommodation.With family or friends, the Riad will be entirely private during your stay.For your comfort, 6 rooms with private [&hellip;]<\/p>\n","protected":false},"author":1,"featured_media":0,"parent":0,"menu_order":0,"comment_status":"closed","ping_status":"closed","template":"","meta":{"_acf_changed":false,"footnotes":""},"class_list":["post-1263","page","type-page","status-publish","hentry"],"acf":[],"yoast_head":"<!-- This site is optimized with the Yoast SEO plugin v27.0 - https:\/\/yoast.com\/product\/yoast-seo-wordpress\/ -->\n<title>Booking - RIAD ALGORA Marrakech<\/title>\n<meta name=\"robots\" content=\"index, follow, max-snippet:-1, max-image-preview:large, max-video-preview:-1\" \/>\n<link rel=\"canonical\" href=\"https:\/\/www.riadalgora.com\/reservation\/\" \/>\n<meta property=\"og:locale\" content=\"en_US\" \/>\n<meta property=\"og:type\" content=\"article\" \/>\n<meta property=\"og:title\" content=\"Booking - RIAD ALGORA Marrakech\" \/>\n<meta property=\"og:description\" content=\"Booking BOOK DIRECT TO BENEFIT FROM THE BEST RATES Just a 12-minute walk from the souks and the famous Jemaa el Fna square, as well as the main golf courses, you&#8217;ll appreciate the tranquility of the accommodation.With family or friends, the Riad will be entirely private during your stay.For your comfort, 6 rooms with private [&hellip;]\" \/>\n<meta property=\"og:url\" content=\"https:\/\/www.riadalgora.com\/reservation\/\" \/>\n<meta property=\"og:site_name\" content=\"RIAD ALGORA Marrakech\" \/>\n<meta property=\"article:modified_time\" content=\"2025-09-27T15:18:16+00:00\" \/>\n<meta name=\"twitter:card\" content=\"summary_large_image\" \/>\n<meta name=\"twitter:label1\" content=\"Est. reading time\" \/>\n\t<meta name=\"twitter:data1\" content=\"3 minutes\" \/>\n<script type=\"application\/ld+json\" class=\"yoast-schema-graph\">{\"@context\":\"https:\/\/schema.org\",\"@graph\":[{\"@type\":\"WebPage\",\"@id\":\"https:\/\/www.riadalgora.com\/reservation\/\",\"url\":\"https:\/\/www.riadalgora.com\/reservation\/\",\"name\":\"Booking - RIAD ALGORA Marrakech\",\"isPartOf\":{\"@id\":\"https:\/\/www.riadalgora.com\/#website\"},\"datePublished\":\"2023-04-21T07:25:44+00:00\",\"dateModified\":\"2025-09-27T15:18:16+00:00\",\"breadcrumb\":{\"@id\":\"https:\/\/www.riadalgora.com\/reservation\/#breadcrumb\"},\"inLanguage\":\"en-US\",\"potentialAction\":[{\"@type\":\"ReadAction\",\"target\":[\"https:\/\/www.riadalgora.com\/reservation\/\"]}]},{\"@type\":\"BreadcrumbList\",\"@id\":\"https:\/\/www.riadalgora.com\/reservation\/#breadcrumb\",\"itemListElement\":[{\"@type\":\"ListItem\",\"position\":1,\"name\":\"Accueil\",\"item\":\"https:\/\/www.riadalgora.com\/\"},{\"@type\":\"ListItem\",\"position\":2,\"name\":\"Booking\"}]},{\"@type\":\"WebSite\",\"@id\":\"https:\/\/www.riadalgora.com\/#website\",\"url\":\"https:\/\/www.riadalgora.com\/\",\"name\":\"RIAD ALGORA Marrakech\",\"description\":\"privatis\u00e9 Marrakech\",\"publisher\":{\"@id\":\"https:\/\/www.riadalgora.com\/#organization\"},\"potentialAction\":[{\"@type\":\"SearchAction\",\"target\":{\"@type\":\"EntryPoint\",\"urlTemplate\":\"https:\/\/www.riadalgora.com\/?s={search_term_string}\"},\"query-input\":{\"@type\":\"PropertyValueSpecification\",\"valueRequired\":true,\"valueName\":\"search_term_string\"}}],\"inLanguage\":\"en-US\"},{\"@type\":\"Organization\",\"@id\":\"https:\/\/www.riadalgora.com\/#organization\",\"name\":\"RIAD ALGORA Marrakech\",\"url\":\"https:\/\/www.riadalgora.com\/\",\"logo\":{\"@type\":\"ImageObject\",\"inLanguage\":\"en-US\",\"@id\":\"https:\/\/www.riadalgora.com\/#\/schema\/logo\/image\/\",\"url\":\"https:\/\/www.riadalgora.com\/wp-content\/uploads\/2023\/05\/Riad-MILOUD-MARRAKECH-LOGO.svg\",\"contentUrl\":\"https:\/\/www.riadalgora.com\/wp-content\/uploads\/2023\/05\/Riad-MILOUD-MARRAKECH-LOGO.svg\",\"width\":234.59,\"height\":71.290000000000006,\"caption\":\"RIAD ALGORA Marrakech\"},\"image\":{\"@id\":\"https:\/\/www.riadalgora.com\/#\/schema\/logo\/image\/\"},\"sameAs\":[\"https:\/\/www.instagram.com\/riad__miloud\/\"]}]}<\/script>\n<!-- \/ Yoast SEO plugin. -->","yoast_head_json":{"title":"Booking - RIAD ALGORA Marrakech","robots":{"index":"index","follow":"follow","max-snippet":"max-snippet:-1","max-image-preview":"max-image-preview:large","max-video-preview":"max-video-preview:-1"},"canonical":"https:\/\/www.riadalgora.com\/reservation\/","og_locale":"en_US","og_type":"article","og_title":"Booking - RIAD ALGORA Marrakech","og_description":"Booking BOOK DIRECT TO BENEFIT FROM THE BEST RATES Just a 12-minute walk from the souks and the famous Jemaa el Fna square, as well as the main golf courses, you&#8217;ll appreciate the tranquility of the accommodation.With family or friends, the Riad will be entirely private during your stay.For your comfort, 6 rooms with private [&hellip;]","og_url":"https:\/\/www.riadalgora.com\/reservation\/","og_site_name":"RIAD ALGORA Marrakech","article_modified_time":"2025-09-27T15:18:16+00:00","twitter_card":"summary_large_image","twitter_misc":{"Est. reading time":"3 minutes"},"schema":{"@context":"https:\/\/schema.org","@graph":[{"@type":"WebPage","@id":"https:\/\/www.riadalgora.com\/reservation\/","url":"https:\/\/www.riadalgora.com\/reservation\/","name":"Booking - RIAD ALGORA Marrakech","isPartOf":{"@id":"https:\/\/www.riadalgora.com\/#website"},"datePublished":"2023-04-21T07:25:44+00:00","dateModified":"2025-09-27T15:18:16+00:00","breadcrumb":{"@id":"https:\/\/www.riadalgora.com\/reservation\/#breadcrumb"},"inLanguage":"en-US","potentialAction":[{"@type":"ReadAction","target":["https:\/\/www.riadalgora.com\/reservation\/"]}]},{"@type":"BreadcrumbList","@id":"https:\/\/www.riadalgora.com\/reservation\/#breadcrumb","itemListElement":[{"@type":"ListItem","position":1,"name":"Accueil","item":"https:\/\/www.riadalgora.com\/"},{"@type":"ListItem","position":2,"name":"Booking"}]},{"@type":"WebSite","@id":"https:\/\/www.riadalgora.com\/#website","url":"https:\/\/www.riadalgora.com\/","name":"RIAD ALGORA Marrakech","description":"privatis\u00e9 Marrakech","publisher":{"@id":"https:\/\/www.riadalgora.com\/#organization"},"potentialAction":[{"@type":"SearchAction","target":{"@type":"EntryPoint","urlTemplate":"https:\/\/www.riadalgora.com\/?s={search_term_string}"},"query-input":{"@type":"PropertyValueSpecification","valueRequired":true,"valueName":"search_term_string"}}],"inLanguage":"en-US"},{"@type":"Organization","@id":"https:\/\/www.riadalgora.com\/#organization","name":"RIAD ALGORA Marrakech","url":"https:\/\/www.riadalgora.com\/","logo":{"@type":"ImageObject","inLanguage":"en-US","@id":"https:\/\/www.riadalgora.com\/#\/schema\/logo\/image\/","url":"https:\/\/www.riadalgora.com\/wp-content\/uploads\/2023\/05\/Riad-MILOUD-MARRAKECH-LOGO.svg","contentUrl":"https:\/\/www.riadalgora.com\/wp-content\/uploads\/2023\/05\/Riad-MILOUD-MARRAKECH-LOGO.svg","width":234.59,"height":71.290000000000006,"caption":"RIAD ALGORA Marrakech"},"image":{"@id":"https:\/\/www.riadalgora.com\/#\/schema\/logo\/image\/"},"sameAs":["https:\/\/www.instagram.com\/riad__miloud\/"]}]}},"_links":{"self":[{"href":"https:\/\/www.riadalgora.com\/en\/wp-json\/wp\/v2\/pages\/1263","targetHints":{"allow":["GET"]}}],"collection":[{"href":"https:\/\/www.riadalgora.com\/en\/wp-json\/wp\/v2\/pages"}],"about":[{"href":"https:\/\/www.riadalgora.com\/en\/wp-json\/wp\/v2\/types\/page"}],"author":[{"embeddable":true,"href":"https:\/\/www.riadalgora.com\/en\/wp-json\/wp\/v2\/users\/1"}],"replies":[{"embeddable":true,"href":"https:\/\/www.riadalgora.com\/en\/wp-json\/wp\/v2\/comments?post=1263"}],"version-history":[{"count":10,"href":"https:\/\/www.riadalgora.com\/en\/wp-json\/wp\/v2\/pages\/1263\/revisions"}],"predecessor-version":[{"id":2438,"href":"https:\/\/www.riadalgora.com\/en\/wp-json\/wp\/v2\/pages\/1263\/revisions\/2438"}],"wp:attachment":[{"href":"https:\/\/www.riadalgora.com\/en\/wp-json\/wp\/v2\/media?parent=1263"}],"curies":[{"name":"wp","href":"https:\/\/api.w.org\/{rel}","templated":true}]}}